{"id":1504,"date":"2021-11-22T16:24:53","date_gmt":"2021-11-22T15:24:53","guid":{"rendered":"https:\/\/caseificiocaputo.it\/?post_type=product&#038;p=1504"},"modified":"2023-02-15T09:31:37","modified_gmt":"2023-02-15T08:31:37","slug":"il-ciccillo-affumicato","status":"publish","type":"product","link":"https:\/\/caseificiocaputo.it\/en\/il-ciccillo-affumicato\/","title":{"rendered":"Il Caciocavallo Affumicato"},"content":{"rendered":"<p>Latte di mucca, caglio e sale. Affumicatura naturale<br \/>\n*Prodotto soggetto a calo peso naturale.<\/p>\n<p>Scadenza 60 gg dalla data di produzione.<\/p>\n<p>Il Caciocavallo affumicato prende il nome dal modo in cui viene stagionato: legato con corde al capo e messo a cavallo su un asta. Il nostro Caciocavallo affumicato \u00e8 dedicato ai palati che prediligono i gusti pi\u00f9 decisi. Perfetto da servire nei momenti di convivialit\u00e0.<br \/>\nConsigli: per avere il massimo dai nostri formaggi e sempre consigliabile gustarli a temperatura ambiente.<br \/>\nTogliere dal frigo almeno 20\/30 minuti prima.<\/p>\n","protected":false},"excerpt":{"rendered":"<p>Caciocavallo Affumicato<\/p>\n","protected":false},"featured_media":2189,"template":"","meta":{"_acf_changed":false},"product_brand":[],"product_cat":[37],"product_tag":[],"class_list":{"0":"post-1504","1":"product","2":"type-product","3":"status-publish","4":"has-post-thumbnail","6":"product_cat-formaggi","7":"pa_tipo-di-latte-latte-vaccino","9":"first","10":"instock","11":"taxable","12":"shipping-taxable","13":"purchasable","14":"product-type-variable","15":"has-default-attributes"},"acf":[],"_links":{"self":[{"href":"https:\/\/caseificiocaputo.it\/en\/wp-json\/wp\/v2\/product\/1504","targetHints":{"allow":["GET"]}}],"collection":[{"href":"https:\/\/caseificiocaputo.it\/en\/wp-json\/wp\/v2\/product"}],"about":[{"href":"https:\/\/caseificiocaputo.it\/en\/wp-json\/wp\/v2\/types\/product"}],"wp:featuredmedia":[{"embeddable":true,"href":"https:\/\/caseificiocaputo.it\/en\/wp-json\/wp\/v2\/media\/2189"}],"wp:attachment":[{"href":"https:\/\/caseificiocaputo.it\/en\/wp-json\/wp\/v2\/media?parent=1504"}],"wp:term":[{"taxonomy":"product_brand","embeddable":true,"href":"https:\/\/caseificiocaputo.it\/en\/wp-json\/wp\/v2\/product_brand?post=1504"},{"taxonomy":"product_cat","embeddable":true,"href":"https:\/\/caseificiocaputo.it\/en\/wp-json\/wp\/v2\/product_cat?post=1504"},{"taxonomy":"product_tag","embeddable":true,"href":"https:\/\/caseificiocaputo.it\/en\/wp-json\/wp\/v2\/product_tag?post=1504"}],"curies":[{"name":"wp","href":"https:\/\/api.w.org\/{rel}","templated":true}]}}